{"id":2532,"date":"2022-09-07T16:32:52","date_gmt":"2022-09-07T14:32:52","guid":{"rendered":"https:\/\/lebenszeichen.shop\/produkt\/import-placeholder-for-7093\/"},"modified":"2025-11-04T11:36:16","modified_gmt":"2025-11-04T10:36:16","slug":"lebenszeichen-2023","status":"publish","type":"product","link":"https:\/\/lebenszeichen-international.at\/shop\/produkt\/lebenszeichen-2023\/","title":{"rendered":"LEBENSZEICHEN 2023 Art &#038; Weise"},"content":{"rendered":"\t\t<div data-elementor-type=\"product-post\" data-elementor-id=\"2532\" class=\"elementor elementor-2532\" data-elementor-post-type=\"product\">\n\t\t\t\t\t\t<section class=\"elementor-section elementor-top-section elementor-element elementor-element-586f2307 elementor-section-boxed elementor-section-height-default elementor-section-height-default\" data-id=\"586f2307\" data-element_type=\"section\">\n\t\t\t\t\t\t<div class=\"elementor-container elementor-column-gap-default\">\n\t\t\t\t\t<div class=\"elementor-column elementor-col-100 elementor-top-column elementor-element elementor-element-1ea8196c\" data-id=\"1ea8196c\" data-element_type=\"column\">\n\t\t\t<div class=\"elementor-widget-wrap elementor-element-populated\">\n\t\t\t\t\t\t<div class=\"elementor-element elementor-element-65d171d8 elementor-widget elementor-widget-text-editor\" data-id=\"65d171d8\" data-element_type=\"widget\" data-widget_type=\"text-editor.default\">\n\t\t\t\t\t\t\t\t\t<strong>LEBENSZEICHEN 2022: Seitenblicke<\/strong>\r\n\r\nist ein Pl\u00e4doyer f\u00fcr die Widerstandsf\u00e4higkeit der Menschheit. Mit zw\u00f6lf Bildern, jeweils begleitet von Texten der Fotografen und mit zus\u00e4tzlichen Beitr\u00e4gen von Fachautoren zu den jeweils portr\u00e4tierten Kulturen, zeigen wir Einblicke in den \u00dcberlebenskampf von Menschen und Kulturen anhand ihrer kraftvollen Geschichten. Wir sind in ein Zeitalter eingetreten, in dem das Tempo der technologischen Innovation unerbittlich neue Bed\u00fcrfnisse schafft. Die Welt erlebt eine &#8222;Krise der Zivilisation&#8220;, in der Umweltzerst\u00f6rung, Ressourcenpl\u00fcnderung und potentiell katastrophale technologische Fortschritte traditionelle Lebensweisen bedrohen. Sie gef\u00e4hrden auch das Gef\u00fcge der Menschheit und bedrohen die Hoffnung auf ein friedliches Leben zuk\u00fcnftiger Generationen.\r\n\r\n<strong>12 Seitenblicke auf die Welt<\/strong>\r\n\r\nZw\u00f6lf bedrohte Kulturen kommentieren die Ver\u00e4nderungen, mit denen die Menschen global in verschiedenen Teilen der Welt konfrontiert sind und zeigen Wege auf damit umzugehen.\r\n\r\nHeute sehen wir, wie sich indigene V\u00f6lker gegen den Ressourcenabbau erheben und nachhaltige Lebensweisen entwickeln. Diese Geschichten zeigen die Widerstandsf\u00e4higkeit gegen zerst\u00f6rerische Technologien, die ihre Lebensweise und die begrenzten Ressourcen unseres Planeten zu untergraben drohen. Vandana Shiva, die indische Tr\u00e4gerin des Alternativen Nobelpreises, k\u00e4mpft seit Jahrzehnten gegen Konzerne, die versuchen, die Natur in ihren Besitz zu nehmen und nimmt sich Firmen wie Monsanto-Bayer und Pers\u00f6nlichkeiten wie Bill Gates vor. Die Menschen haben die Macht, das Land, die Gew\u00e4sser und die Kulturen, die sie erhalten, vor nicht nachhaltiger Entwicklung zu sch\u00fctzen. In Kenia arbeiten z.B. die Massai gemeinsam mit internationalen Firmen gegen die D\u00fcrre und Ver\u00f6dung von Land.\r\n\r\n<strong>Die Pandemie ver\u00e4nderte vieles<\/strong>\r\n\r\nDie T\u00e4nzerinnen von Rajasthan haben einen neuen Weg gefunden, Online-Kurse anzubieten und manche konnten ihr Einkommen sichern. In Kenia und Uganda hingegen verschlechterte sich die Situation f\u00fcr Frauen und M\u00e4dchen, da die illegale und lebensfeindliche Tradition der weiblichen Beschneidung zugenommen hat. Unerm\u00fcdlich h\u00f6ren Aktivistinnen der Pokot Frauen nicht auf, dar\u00fcber zu sprechen und f\u00fchren nun auch neue Rituale durch. F\u00fcr die Kayan Lahwi, die aus Myanmar geflohen sind und nun vor allem im Tourismus arbeiten, ist das Ablegen alter Traditionen eine Form des Widerstands gegen bestehende Ungerechtigkeiten. Sie nehmen aus Protest ihre Halsringe ab, um M\u00e4dchen eine Chance auf Bildung zu erm\u00f6glichen.\r\n\r\nIndigene Gemeinschaften stehen heute vor dem Problem ihr traditionelles Wissen f\u00fcr die n\u00e4chsten Generationen zu erhalten. Daher werden in der Mongolei nun auch M\u00e4dchen im Adlerjagen ausgebildet. Die Maori lernen ihren S\u00f6hnen das \u201eWissen um den Ozean\u201c und wollen, dass ihr Wissen im Naturschutz und von ihren Regierungen k\u00fcnftig mehr wahrgenommen wird. Spirituelles Wissen als Form des Widerstandes steht ganz im Vordergrund der Religion der Rastafaris. Sie besinnen sich zur\u00fcck auf die afrikanische Herkunft und kehren nach Verfolgung und Sklaverei zur\u00fcck ins das Heilige Land \u00c4thiopien.\r\n\r\n<strong>Indigene Kunst, die so einzigartig ist, dass sie an deiner Wand h\u00e4ngt<\/strong>\r\n\r\nDie Geschichte der indigenen Kunst ist eine Geschichte der Beharrlichkeit von Menschen, die hartn\u00e4ckig und mutig an einer Vision f\u00fcr sich selbst \u00fcber Generationen von sozialen und politischen Unruhen hinweg festgehalten haben. Indigene K\u00fcnstler wie die der Otom\u00ed von Mexiko haben erfahren, wie dies ihre eigene Existenz als k\u00fcnstlerische Gemeinschaft gef\u00e4hrden kann aber auch erfolgreich macht. Bekannte Beispiele wie der gr\u00f6nl\u00e4ndische S\u00e4nger Simon Lynge aber auch zahlreiche kleine K\u00fcnstler wie Emerson Munduruk\u00fa zeigen wie sie mit der sich ver\u00e4ndernden Gesellschaft kreativ umgehen.\t\t\t\t\t\t\t\t<\/div>\n\t\t\t\t\t<\/div>\n\t\t<\/div>\n\t\t\t\t\t<\/div>\n\t\t<\/section>\n\t\t\t\t<\/div>\n\t\t","protected":false},"excerpt":{"rendered":"<p><strong>LEBENSZEICHEN von indigenen V\u00f6lkern &amp; Minderheiten weltweit<\/strong><\/p>\n<p align=\"justify\">12 Farbenfrohe Bilder, informative Texte und Wortmeldungen indigener V\u00f6lker \u2013 der Kalender von Lebenszeichen! &#8211; Gesellschaft f\u00fcr bedrohte V\u00f6lker \u00d6sterreich erfreut bereits seit 1992 seine BetrachterInnen. Monat f\u00fcr Monat l\u00e4dt der Kalender zu einer faszinierenden Reise ein und bringt die Welt sprichw\u00f6rtlich nach Hause: unterschiedliche Kulturen, Lebensweisen und Weltbilder. Der besondere Jahresbegleiter hat bei Kalender-FreundInnen l\u00e4ngst Kultstatus erlangt.<\/p>\n","protected":false},"featured_media":0,"comment_status":"closed","ping_status":"closed","template":"","meta":{"give_campaign_id":0},"product_brand":[],"product_cat":[70],"product_tag":[103],"class_list":{"0":"post-2532","1":"product","2":"type-product","3":"status-publish","5":"product_cat-bildkalender-lebenszeichen","6":"product_tag-kalender-lebenszeichen","7":"product_shipping_class-eco","9":"first","10":"outofstock","11":"purchasable","12":"product-type-simple"},"_links":{"self":[{"href":"https:\/\/lebenszeichen-international.at\/shop\/wp-json\/wp\/v2\/product\/2532","targetHints":{"allow":["GET"]}}],"collection":[{"href":"https:\/\/lebenszeichen-international.at\/shop\/wp-json\/wp\/v2\/product"}],"about":[{"href":"https:\/\/lebenszeichen-international.at\/shop\/wp-json\/wp\/v2\/types\/product"}],"replies":[{"embeddable":true,"href":"https:\/\/lebenszeichen-international.at\/shop\/wp-json\/wp\/v2\/comments?post=2532"}],"version-history":[{"count":0,"href":"https:\/\/lebenszeichen-international.at\/shop\/wp-json\/wp\/v2\/product\/2532\/revisions"}],"wp:attachment":[{"href":"https:\/\/lebenszeichen-international.at\/shop\/wp-json\/wp\/v2\/media?parent=2532"}],"wp:term":[{"taxonomy":"product_brand","embeddable":true,"href":"https:\/\/lebenszeichen-international.at\/shop\/wp-json\/wp\/v2\/product_brand?post=2532"},{"taxonomy":"product_cat","embeddable":true,"href":"https:\/\/lebenszeichen-international.at\/shop\/wp-json\/wp\/v2\/product_cat?post=2532"},{"taxonomy":"product_tag","embeddable":true,"href":"https:\/\/lebenszeichen-international.at\/shop\/wp-json\/wp\/v2\/product_tag?post=2532"}],"curies":[{"name":"wp","href":"https:\/\/api.w.org\/{rel}","templated":true}]}}